{"id":55,"date":"2018-12-22T19:54:31","date_gmt":"2018-12-22T22:54:31","guid":{"rendered":"https:\/\/hablandoespanol.pro.br\/blog\/?page_id=55"},"modified":"2019-02-14T09:09:45","modified_gmt":"2019-02-14T12:09:45","slug":"inicio","status":"publish","type":"page","link":"https:\/\/hablandoespanol.pro.br\/blog\/","title":{"rendered":"\u00bfEspa\u00f1ol o castellano?"},"content":{"rendered":"\t\t<div data-elementor-type=\"wp-post\" data-elementor-id=\"55\" class=\"elementor elementor-55 elementor-bc-flex-widget\">\n\t\t\t\t\t\t<section class=\"elementor-section elementor-top-section elementor-element elementor-element-b5d2389 elementor-section-height-min-height elementor-section-stretched animated-slow elementor-section-boxed elementor-section-height-default elementor-section-items-middle elementor-invisible\" data-id=\"b5d2389\" data-element_type=\"section\" data-settings=\"{&quot;background_background&quot;:&quot;classic&quot;,&quot;animation&quot;:&quot;headShake&quot;,&quot;stretch_section&quot;:&quot;section-stretched&quot;,&quot;animation_delay&quot;:0}\">\n\t\t\t\t\t\t\t<div class=\"elementor-background-overlay\"><\/div>\n\t\t\t\t\t\t\t<div class=\"elementor-container elementor-column-gap-no\">\n\t\t\t\t\t<div class=\"elementor-column elementor-col-100 elementor-top-column elementor-element elementor-element-c0a26c7\" data-id=\"c0a26c7\" data-element_type=\"column\">\n\t\t\t<div class=\"elementor-widget-wrap\">\n\t\t\t\t\t\t\t<\/div>\n\t\t<\/div>\n\t\t\t\t\t<\/div>\n\t\t<\/section>\n\t\t\t\t<section class=\"elementor-section elementor-top-section elementor-element elementor-element-cf4c7b7 elementor-section-height-min-height elementor-section-content-middle elementor-section-items-top elementor-section-stretched elementor-section-boxed elementor-section-height-default\" data-id=\"cf4c7b7\" data-element_type=\"section\" data-settings=\"{&quot;stretch_section&quot;:&quot;section-stretched&quot;}\">\n\t\t\t\t\t\t<div class=\"elementor-container elementor-column-gap-no\">\n\t\t\t\t\t<div class=\"elementor-column elementor-col-100 elementor-top-column elementor-element elementor-element-143cc5f\" data-id=\"143cc5f\" data-element_type=\"column\" data-settings=\"{&quot;background_background&quot;:&quot;gradient&quot;}\">\n\t\t\t<div class=\"elementor-widget-wrap elementor-element-populated\">\n\t\t\t\t\t<div class=\"elementor-background-overlay\"><\/div>\n\t\t\t\t\t\t<div class=\"elementor-element elementor-element-fb5d34d elementor-widget elementor-widget-heading\" data-id=\"fb5d34d\" data-element_type=\"widget\" data-widget_type=\"heading.default\">\n\t\t\t\t<div class=\"elementor-widget-container\">\n\t\t\t\t\t<h1 class=\"elementor-heading-title elementor-size-xl\">Presentaci\u00f3n<\/h1>\t\t\t\t<\/div>\n\t\t\t\t<\/div>\n\t\t\t\t<div class=\"elementor-element elementor-element-b4f4156 elementor-widget elementor-widget-text-editor\" data-id=\"b4f4156\" data-element_type=\"widget\" data-widget_type=\"text-editor.default\">\n\t\t\t\t<div class=\"elementor-widget-container\">\n\t\t\t\t\t\t\t\t\t<p style=\"margin-bottom: 0cm; line-height: 100%;\" align=\"justify\"><span style=\"color: #002060;\"><span lang=\"es-419\"><b>\u00bfQu\u00e9 es <\/b><\/span><\/span><span style=\"color: #002060;\"><span lang=\"es-419\"><i><b>Hablando espa\u00f1ol<\/b><\/i><\/span><\/span><span style=\"color: #002060;\"><span lang=\"es-419\"><b>?<\/b><\/span><\/span><\/p><p style=\"margin-bottom: 0cm; line-height: 100%;\" align=\"justify\"><span lang=\"es-419\"><br \/>Es un portal para estudiantes lusohablantes que quieran aprender espa\u00f1ol. Aqu\u00ed encontrar\u00e1n videos, lecturas, curiosidades del mundo hispano y actividades en l\u00ednea o en formato PDF.<\/span><\/p><p style=\"margin-bottom: 0cm; line-height: 100%;\" align=\"justify\"><span style=\"color: #002060;\"><span lang=\"es-419\"><b><br \/>\u00bfQui\u00e9n es la responsable de este blog?<\/b><\/span><\/span><\/p><p style=\"margin-bottom: 0cm; line-height: 100%;\" align=\"justify\"><span lang=\"es-419\"><br \/>El blog es coordinado y editado por Esther Karina Feria Zitelli, fil\u00f3loga hispana y con una larga experiencia en la ense\u00f1anza del espa\u00f1ol como lengua extranjera (ELE).<\/span><\/p><p style=\"margin-bottom: 0cm; line-height: 100%;\" align=\"justify\"><span style=\"color: #002060;\"><span lang=\"es-419\"><b><br \/>\u00bfCu\u00e1ndo nace <\/b><\/span><\/span><span style=\"color: #002060;\"><span lang=\"es-419\"><i><b>Hablando espa\u00f1ol<\/b><\/i><\/span><\/span><span style=\"color: #002060;\"><span lang=\"es-419\"><b>?<\/b><\/span><\/span><\/p><p style=\"margin-bottom: 0cm; line-height: 100%;\" align=\"justify\"><span lang=\"es-419\"><br \/>Nace, como una empresa, en 2013; pero los a\u00f1os confirmaron que solo un grupo muy selecto consigue pagar las clases. La gran mayor\u00eda termina qued\u00e1ndose al margen, ya que hoy en d\u00eda es casi inevitable hablar al menos dos idiomas si se quiere encontrar un buen trabajo. Se sabe que los candidatos con amplios conocimientos de idiomas son los que consiguen los cargos m\u00e1s altos y, por ende, reciben los mejores sueldos. La globalizaci\u00f3n ha hecho con que las grandes empresas operen a nivel internacional y es por ello que estas exigen que sus empleados sean capaces de comunicarse con personas de todo el mundo. <\/span><\/p><p style=\"margin-bottom: 0cm; line-height: 100%;\" align=\"justify\"><a name=\"_GoBack\"><\/a> <span lang=\"es-419\">Y, con la intenci\u00f3n de ayudar a equilibrar, por lo menos un poquito, esta balanza, es que nace el blog; para compartir, de manera gratuita y libre, todos sus materiales. Esperamos que los aprovechen.<\/span><\/p>\t\t\t\t\t\t\t\t<\/div>\n\t\t\t\t<\/div>\n\t\t\t\t\t<\/div>\n\t\t<\/div>\n\t\t\t\t\t<\/div>\n\t\t<\/section>\n\t\t\t\t<\/div>\n\t\t","protected":false},"excerpt":{"rendered":"<p>Presentaci\u00f3n \u00bfQu\u00e9 es Hablando espa\u00f1ol? Es un portal para estudiantes lusohablantes que quieran aprender espa\u00f1ol. Aqu\u00ed encontrar\u00e1n videos, lecturas, curiosidades del mundo hispano y actividades en l\u00ednea o en formato PDF. \u00bfQui\u00e9n es la responsable de este blog? El blog es coordinado y editado por Esther Karina Feria Zitelli, fil\u00f3loga hispana y con una larga &#8230; <a title=\"\u00bfEspa\u00f1ol o castellano?\" class=\"read-more\" href=\"https:\/\/hablandoespanol.pro.br\/blog\/\">Ler mais<span class=\"screen-reader-text\">\u00bfEspa\u00f1ol o castellano?<\/span><\/a><\/p>\n","protected":false},"author":1,"featured_media":0,"parent":0,"menu_order":0,"comment_status":"closed","ping_status":"closed","template":"","meta":{"footnotes":""},"class_list":["post-55","page","type-page","status-publish"],"_links":{"self":[{"href":"https:\/\/hablandoespanol.pro.br\/blog\/wp-json\/wp\/v2\/pages\/55","targetHints":{"allow":["GET"]}}],"collection":[{"href":"https:\/\/hablandoespanol.pro.br\/blog\/wp-json\/wp\/v2\/pages"}],"about":[{"href":"https:\/\/hablandoespanol.pro.br\/blog\/wp-json\/wp\/v2\/types\/page"}],"author":[{"embeddable":true,"href":"https:\/\/hablandoespanol.pro.br\/blog\/wp-json\/wp\/v2\/users\/1"}],"replies":[{"embeddable":true,"href":"https:\/\/hablandoespanol.pro.br\/blog\/wp-json\/wp\/v2\/comments?post=55"}],"version-history":[{"count":128,"href":"https:\/\/hablandoespanol.pro.br\/blog\/wp-json\/wp\/v2\/pages\/55\/revisions"}],"predecessor-version":[{"id":481,"href":"https:\/\/hablandoespanol.pro.br\/blog\/wp-json\/wp\/v2\/pages\/55\/revisions\/481"}],"wp:attachment":[{"href":"https:\/\/hablandoespanol.pro.br\/blog\/wp-json\/wp\/v2\/media?parent=55"}],"curies":[{"name":"wp","href":"https:\/\/api.w.org\/{rel}","templated":true}]}}